{"id":83,"date":"2025-04-17T16:08:43","date_gmt":"2025-04-17T14:08:43","guid":{"rendered":"https:\/\/alexs-and-books.de\/reading\/?page_id=83"},"modified":"2026-04-29T18:18:57","modified_gmt":"2026-04-29T16:18:57","slug":"themenblogs","status":"publish","type":"page","link":"https:\/\/alexs-and-books.de\/reading\/buecherregal\/themenblogs\/","title":{"rendered":"Themenblogs"},"content":{"rendered":"<h3>Leser\u00fcckblicke<\/h3>\n<ul>\n<li><a href=\"https:\/\/alexs-and-books.de\/reading\/halbjahres-rueckblick-januar-bis-juni-2025\/\" target=\"_blank\" rel=\"noopener\">Halbjahres R\u00fcckblick 2025 &#8211; Januar bis Juni<\/a><\/li>\n<\/ul>\n<p>&nbsp;<\/p>\n<ul>\n<li><a href=\"https:\/\/alexs-and-books.de\/reading\/leserueckblick-2025\/\" target=\"_blank\" rel=\"noopener\">Jahresr\u00fcckblick 2025<\/a><\/li>\n<li><a href=\"https:\/\/alexs-and-books.de\/reading\/leserueckblick-2024\/\" target=\"_blank\" rel=\"noopener\">Jahresr\u00fcckblick 2024<\/a><\/li>\n<\/ul>\n<p>&nbsp;<\/p>\n<ul>\n<li><a href=\"https:\/\/alexs-and-books.de\/reading\/abgebrochen-2026\/\" target=\"_blank\" rel=\"noopener\">Abgebrochene B\u00fccher 2026<\/a><\/li>\n<li><a href=\"https:\/\/alexs-and-books.de\/reading\/abgebrochene-buecher-2025\/\" target=\"_blank\" rel=\"noopener\">Abgebrochene B\u00fccher 2025<\/a><\/li>\n<li><a href=\"https:\/\/alexs-and-books.de\/reading\/abgebrochene-buecher-2024\/\" target=\"_blank\" rel=\"noopener\">Abgebrochene B\u00fccher 2024<\/a><\/li>\n<\/ul>\n<h3>Herausforderungen<\/h3>\n<p><a href=\"https:\/\/alexs-and-books.de\/reading\/12-fuer-2026-buddy\/\" target=\"_blank\" rel=\"noopener\">12 f\u00fcr 2026<\/a><\/p>\n<h3>Lesemonate<\/h3>\n<h4>2026<\/h4>\n<ul>\n<li>Dezember | November | Oktober | September | August | Juli | Juni | Mai | <a href=\"https:\/\/alexs-and-books.de\/reading\/lesemonat-april-2026\/\" target=\"_blank\" rel=\"noopener\">Apri<\/a>l | <a href=\"https:\/\/alexs-and-books.de\/reading\/lesemonat-maerz-2026\/\" target=\"_blank\" rel=\"noopener\">M\u00e4rz<\/a> | <a href=\"https:\/\/alexs-and-books.de\/reading\/lesemonat-februar-2026\/\" target=\"_blank\" rel=\"noopener\">Februar<\/a> | <a href=\"https:\/\/alexs-and-books.de\/reading\/lesemonat-januar-2026\/\" target=\"_blank\" rel=\"noopener\">Januar<\/a><\/li>\n<\/ul>\n<h4>2025<\/h4>\n<ul>\n<li><a href=\"https:\/\/alexs-and-books.de\/reading\/lesemonat-dezember-2025\/\" target=\"_blank\" rel=\"noopener\">Dezember<\/a> | <a href=\"https:\/\/alexs-and-books.de\/reading\/lesemonat-november-2025\/?customize_changeset_uuid=ceebee7a-cd56-4e98-9599-07f3e87d6c16\" target=\"_blank\" rel=\"noopener\">November<\/a> | <a href=\"https:\/\/alexs-and-books.de\/reading\/lesemonat-oktober-2025\" target=\"_blank\" rel=\"noopener\">Oktober<\/a> | <a href=\"https:\/\/alexs-and-books.de\/reading\/lesemonat-september-2025\" target=\"_blank\" rel=\"noopener\">September<\/a> | <a href=\"https:\/\/alexs-and-books.de\/reading\/lesemonat-august-2025\" target=\"_blank\" rel=\"noopener\">August<\/a> | <a href=\"https:\/\/alexs-and-books.de\/reading\/lesemonat-juli-2025\" target=\"_blank\" rel=\"noopener\">Juli<\/a> | <a href=\"https:\/\/alexs-and-books.de\/reading\/lesemonat-juni-2025\" target=\"_blank\" rel=\"noopener\">Juni<\/a> | <a href=\"https:\/\/alexs-and-books.de\/reading\/lesemonat-mai-2025\/\" target=\"_blank\" rel=\"noopener\">Mai<\/a> | <a href=\"https:\/\/alexs-and-books.de\/reading\/lesemonat-april-2025\/?customize_changeset_uuid=bbd9cb36-edc6-4ea8-8af2-fead8c874309\" target=\"_blank\" rel=\"noopener\">April<\/a> | <a href=\"https:\/\/alexs-and-books.de\/reading\/lesemonat-maerz-2025\/\" target=\"_blank\" rel=\"noopener\">M\u00e4rz<\/a> | <a href=\"https:\/\/alexs-and-books.de\/reading\/lesemonat-februar-2025\/\" target=\"_blank\" rel=\"noopener\">Februar<\/a> | <a href=\"https:\/\/alexs-and-books.de\/reading\/lesemonat-januar-2025\/\" target=\"_blank\" rel=\"noopener\">Januar<\/a><\/li>\n<\/ul>\n<h4><strong>2024<\/strong><\/h4>\n<p><em>Durch die Umstrukturierung der Website, m\u00fcssen die einzelnen Beitragslinks noch aufgearbeitet werden<\/em><\/p>\n<ul>\n<li><a href=\"https:\/\/alexs-and-books.de\/reading\/lesemonat-dezember-2024\/\" target=\"_blank\" rel=\"noopener\">Dezember<\/a> | <a href=\"https:\/\/alexs-and-books.de\/reading\/lesemonat-november-2024\/\" target=\"_blank\" rel=\"noopener\">November<\/a> | <a href=\"https:\/\/alexs-and-books.de\/reading\/lesemonat-september-2024-und-oktober-2024\/\" target=\"_blank\" rel=\"noopener\">Oktober + September<\/a><\/li>\n<\/ul>\n<h3><\/h3>\n<h3>Sonstiges<\/h3>\n<p>2026 | <a href=\"https:\/\/alexs-and-books.de\/reading\/12-fuer-2026-buddy\/?customize_changeset_uuid=ceebee7a-cd56-4e98-9599-07f3e87d6c16\" target=\"_blank\" rel=\"noopener\">12 f\u00fcr 2026 + Buddy<\/a> |<\/p>\n<h3>Neuzug\u00e4nge<\/h3>\n<h4>2025<\/h4>\n<ul>\n<li>Juli \u00a0<a href=\"https:\/\/alexs-and-books.de\/reading\/neuzugaenge-juli\/\" target=\"_blank\" rel=\"noopener\">Juni<\/a><\/li>\n<\/ul>\n<h4>Sonstiges<\/h4>\n<p class=\"entry-title\"><a href=\"https:\/\/alexs-and-books.de\/reading\/pocketbook-era-stardust-silver-unboxing-und-test\/?customize_changeset_uuid=16598e6e-f802-4e85-8d62-b6106f7f4d7b\" target=\"_blank\" rel=\"bookmark noopener\">PocketBook Era Stardust Silver<\/a><\/p>\n<p>&nbsp;<\/p>\n<p>&nbsp;<\/p>\n","protected":false},"excerpt":{"rendered":"<p>Leser\u00fcckblicke Halbjahres R\u00fcckblick 2025 &#8211; Januar bis Juni &nbsp; Jahresr\u00fcckblick 2025 Jahresr\u00fcckblick 2024 &nbsp; Abgebrochene&#8230;<\/p>\n","protected":false},"author":1,"featured_media":0,"parent":19,"menu_order":0,"comment_status":"closed","ping_status":"closed","template":"","meta":{"footnotes":""},"class_list":["post-83","page","type-page","status-publish","hentry"],"_links":{"self":[{"href":"https:\/\/alexs-and-books.de\/reading\/wp-json\/wp\/v2\/pages\/83","targetHints":{"allow":["GET"]}}],"collection":[{"href":"https:\/\/alexs-and-books.de\/reading\/wp-json\/wp\/v2\/pages"}],"about":[{"href":"https:\/\/alexs-and-books.de\/reading\/wp-json\/wp\/v2\/types\/page"}],"author":[{"embeddable":true,"href":"https:\/\/alexs-and-books.de\/reading\/wp-json\/wp\/v2\/users\/1"}],"replies":[{"embeddable":true,"href":"https:\/\/alexs-and-books.de\/reading\/wp-json\/wp\/v2\/comments?post=83"}],"version-history":[{"count":31,"href":"https:\/\/alexs-and-books.de\/reading\/wp-json\/wp\/v2\/pages\/83\/revisions"}],"predecessor-version":[{"id":1286,"href":"https:\/\/alexs-and-books.de\/reading\/wp-json\/wp\/v2\/pages\/83\/revisions\/1286"}],"up":[{"embeddable":true,"href":"https:\/\/alexs-and-books.de\/reading\/wp-json\/wp\/v2\/pages\/19"}],"wp:attachment":[{"href":"https:\/\/alexs-and-books.de\/reading\/wp-json\/wp\/v2\/media?parent=83"}],"curies":[{"name":"wp","href":"https:\/\/api.w.org\/{rel}","templated":true}]}}