{"id":29,"date":"2025-04-17T12:57:08","date_gmt":"2025-04-17T10:57:08","guid":{"rendered":"https:\/\/alexs-and-books.de\/reading\/?page_id=29"},"modified":"2025-06-18T11:50:01","modified_gmt":"2025-06-18T09:50:01","slug":"bewertungskriterien","status":"publish","type":"page","link":"https:\/\/alexs-and-books.de\/reading\/bewertungskriterien\/","title":{"rendered":"Bewertungskriterien"},"content":{"rendered":"<h3>Bewertungskriterien<\/h3>\n<p><strong>Story<\/strong>: Aufbau der Geschichte, Wendungen, Abschluss<\/p>\n<p><strong>Worldbuilding<\/strong>: Wie ist die Umgebung beschrieben\/Aufgebaut? Ist die Umgebung nachvollziehbar?<\/p>\n<p><strong>Charaktere<\/strong>: Charaktertiefe, Charakterentwicklung, Interaktion der Charaktere mit anderen Charakteren + Dialoge, Interaktion der Charaktere mit der Umgebung (wie findet sich der Charakter in die Welt ein?)<\/p>\n<p><strong>Schreibstil:\u00a0<\/strong>Wie ist der Schreibstil im Aufbau? Satzl\u00e4nge, benutzte W\u00f6rter, Wortwiederholungen<\/p>\n<p><strong>Romance<\/strong> (sofern f\u00fcr das Buch zutreffend): Ist es nachvollziehbar, wie die Gef\u00fchle sich entwickeln? Wie interagieren die liebenden miteinander?<\/p>\n<p><strong>Spicelevel<\/strong> (sofern f\u00fcr das Buch zutreffend, siehe weiter unten): Wie Intensiv wird die Liebe ausgelebt?<\/p>\n<p><strong>H\u00e4rtegrad<\/strong> (Sofern f\u00fcr das Buch zutreffend, siehe weiter unten): Wie ist die Handlung um das Genre Krimi\/Thriller aufgebaut? Ist das Verbrechen bzw. die Tat nachvollziehbar? Sind die Erkl\u00e4rungen bzw. die L\u00f6sung nachvollziehbar?<\/p>\n<p><strong>Sprachlevel:<\/strong> Siehe weiter unten<\/p>\n<p>&nbsp;<\/p>\n<p><strong>Daraus ermittle ich dann f\u00fcr mich folgende Bewertungen:<\/strong><\/p>\n<div>\u2606: Abgebrochen<\/div>\n<div><\/div>\n<div>\u2b50\ufe0f = 1 &#8211; Nicht meins \/ zu viele Unklarheiten<\/div>\n<div><\/div>\n<div>\u2b50\ufe0f\u2b50\ufe0f = 2 &#8211; Hat gute Ans\u00e4tze<\/div>\n<div><\/div>\n<div>\u2b50\ufe0f\u2b50\ufe0f\u2b50\ufe0f = 3 &#8211;\u00a0 Ist in Ordnung, kann man lesen, unterh\u00e4lt und ist durchaus eine Empfehlung wert, hat allerdings auch Schw\u00e4chen wie z.B. (viele) Unklarheiten o.\u00e4.<\/div>\n<div><\/div>\n<div>\u2b50\ufe0f\u2b50\ufe0f\u2b50\ufe0f\u2b50\ufe0f = 4 &#8211; Abzug bei den Feinheiten doch insgesamt absolut Empfehlenswert<\/div>\n<div><\/div>\n<div>\u2b50\ufe0f\u2b50\ufe0f\u2b50\ufe0f\u2b50\ufe0f\u2b50\ufe0f =5 &#8211;\u00a0 Gro\u00dfes Kino! Absolut Empfehlenswert &#8211; hier und da kleine M\u00e4ngel sind verzeihlich<\/div>\n<h4>Optik<\/h4>\n<p>Wird von mir lediglich erw\u00e4hnt; Coverdesign, Haptik, Druckqualit\u00e4t<\/p>\n<h4>Extras (Beilagen)<\/h4>\n<p>Extras (z.B. Buchschnitte, Postkarten usw.) werden von mir lediglich erw\u00e4hnt, flie\u00dfen allerdings nicht in die Wertung mit ein, da ich \u201eeinfache\u201c B\u00fccher damit nicht abwerten will.<\/p>\n<p>&nbsp;<\/p>\n<h4 data-start=\"287\" data-end=\"302\"><strong data-start=\"287\" data-end=\"302\">Sprachlevel<\/strong><\/h4>\n<p>F\u00fcr englische B\u00fccher<\/p>\n<p class=\"\" data-start=\"366\" data-end=\"557\">\ud83d\udca1 = 1 &#8211; Auch f\u00fcr Anf\u00e4nger mit grundsoliden Kenntnissen gut verst\u00e4ndlich. Das Vokabular ist \u00fcberschaubar bzw. die Geschichte nachvollziehbar, ohne dass jedes einzelne Wort verstanden werden muss.<\/p>\n<p class=\"\" data-start=\"559\" data-end=\"719\">\ud83d\udca1\ud83d\udca1 = 2 &#8211; Fortgeschritten. Erweiterte Grundkenntnisse sollten vorhanden sein. Mehr sprachliche Nuancen m\u00fcssen verstanden werden. Das Vokabular ist anspruchsvoller.<\/p>\n<p class=\"\" data-start=\"721\" data-end=\"861\">\ud83d\udca1\ud83d\udca1\ud83d\udca1 = 3 &#8211; Text auf hohem sprachlichen Niveau. Nicht f\u00fcr Anf\u00e4nger geeignet. Anspruchsvoller Wortschatz, tiefere Sprachkenntnisse erforderlich.<\/p>\n<h4 data-start=\"868\" data-end=\"882\"><strong data-start=\"868\" data-end=\"882\">Spicelevel<\/strong><\/h4>\n<p class=\"\" data-start=\"1036\" data-end=\"1089\">\ud83c\udf36 = 1 &#8211; Leichte Intimit\u00e4t: K\u00fcssen, Ber\u00fchrungen, kein Sex<\/p>\n<p class=\"\" data-start=\"1091\" data-end=\"1190\">\ud83c\udf36\ud83c\udf36 = 2 &#8211; Sex vorhanden, aber keine expliziten Szenen; ggf. Dirty Talk (Gespr\u00e4che \u00fcber Sex, Praktiken)<\/p>\n<p class=\"\" data-start=\"1192\" data-end=\"1226\">\ud83c\udf36\ud83c\udf36\ud83c\udf36 = 3 &#8211; Sex mit expliziten Szenen<\/p>\n<h4>H\u00e4rtegrad<\/h4>\n<p>F\u00fcr Krimis und Thriller.<\/p>\n<p>\ud83d\udd2b = Seichter Krimi\/Thriller, eher Richtung Cozy. Tote kommen drin vor &#8211; Beschreibung bleibt hier eher Oberfl\u00e4chlich.<\/p>\n<p>\ud83d\udd2b\ud83d\udd2b = Spannung wird aufgebaut, es kommt ggf. zu aktiven Handlungen (\u00dcberfall, Erschie\u00dfen o.\u00e4.). Tote k\u00f6nnen ggf. n\u00e4her Betrachtet werden.<\/p>\n<p>\ud83d\udd2b\ud83d\udd2b\ud83d\udd2b = Krimi\/Thriller &#8211; eher nichts f\u00fcr schwache Nerven. Es wird ein wenig mit der Psyche gespielt. Beschreibungen sind eindeutiger, es kommt ggf. zu eindeutigen (brutalen) Handlungen.<\/p>\n<h4><\/h4>\n<h4><span style=\"color: #ff0000;\">KI<\/span><\/h4>\n<p><span style=\"color: #ff0000;\">Sollte ich nach einer Bewertung herausfinden, dass ein Buch KI generierte Artworks beinhaltet oder Texte (oder es Zugaben mit KI Art\/Text gibt), werde ich den entsprechenden Beitrag offline nehmen und mich vom Buch distanzieren, da ich das nicht unterst\u00fctzen will.<\/span><\/p>\n","protected":false},"excerpt":{"rendered":"<p>Bewertungskriterien Story: Aufbau der Geschichte, Wendungen, Abschluss Worldbuilding: Wie ist die Umgebung beschrieben\/Aufgebaut? Ist die&#8230;<\/p>\n","protected":false},"author":1,"featured_media":0,"parent":0,"menu_order":0,"comment_status":"closed","ping_status":"closed","template":"","meta":{"footnotes":""},"class_list":["post-29","page","type-page","status-publish","hentry"],"_links":{"self":[{"href":"https:\/\/alexs-and-books.de\/reading\/wp-json\/wp\/v2\/pages\/29","targetHints":{"allow":["GET"]}}],"collection":[{"href":"https:\/\/alexs-and-books.de\/reading\/wp-json\/wp\/v2\/pages"}],"about":[{"href":"https:\/\/alexs-and-books.de\/reading\/wp-json\/wp\/v2\/types\/page"}],"author":[{"embeddable":true,"href":"https:\/\/alexs-and-books.de\/reading\/wp-json\/wp\/v2\/users\/1"}],"replies":[{"embeddable":true,"href":"https:\/\/alexs-and-books.de\/reading\/wp-json\/wp\/v2\/comments?post=29"}],"version-history":[{"count":14,"href":"https:\/\/alexs-and-books.de\/reading\/wp-json\/wp\/v2\/pages\/29\/revisions"}],"predecessor-version":[{"id":511,"href":"https:\/\/alexs-and-books.de\/reading\/wp-json\/wp\/v2\/pages\/29\/revisions\/511"}],"wp:attachment":[{"href":"https:\/\/alexs-and-books.de\/reading\/wp-json\/wp\/v2\/media?parent=29"}],"curies":[{"name":"wp","href":"https:\/\/api.w.org\/{rel}","templated":true}]}}