{"id":25,"date":"2025-04-17T12:56:30","date_gmt":"2025-04-17T10:56:30","guid":{"rendered":"https:\/\/alexs-and-books.de\/reading\/?page_id=25"},"modified":"2026-04-21T20:44:11","modified_gmt":"2026-04-21T18:44:11","slug":"belletristik","status":"publish","type":"page","link":"https:\/\/alexs-and-books.de\/reading\/buecherregal\/belletristik\/","title":{"rendered":"Belletristik"},"content":{"rendered":"<p><em>Belletristik umfasst die gesamte sch\u00f6ngeistige und unterhaltende Literatur: Romane, Krimis, Gedichtb\u00e4nde, Essays und Biografien. In meinem Fall habe ich (Young) Adult, Biografien, Dark Romance u.\u00e4. in diese Kategorie gepackt.<\/em><\/p>\n<p>&nbsp;<\/p>\n<p>&nbsp;<\/p>\n<p>&nbsp;<\/p>\n<p>Sofern nicht anders angegeben, wurde das jeweilige Buch als Print (\ud83d\udcd8) gelesen.<\/p>\n<p>\ud83d\udcf1 = eBook, \ud83c\udfa7 = Audiobook<\/p>\n<h3><\/h3>\n<h3>Einzelband \/ Standalone<\/h3>\n<ul>\n<li>\ud83d\udcd8 <strong>Christina Lauren<\/strong> | DE | <a href=\"https:\/\/alexs-and-books.de\/reading\/christina-lauren-josh-and-hazels-guide-to-not-dating\/\" target=\"_blank\" rel=\"noopener\">Josh and Hazel&#8217;s Guide to Not Dating<\/a> <em>Hugendubel &#8222;Buchklopfen&#8220;, Februar 2026<\/em><\/li>\n<li>\ud83d\udcd8 <strong>Jess Walter<\/strong> | DE | <a href=\"https:\/\/alexs-and-books.de\/reading\/jess-walter-der-engel-von-rom\/\" target=\"_blank\" rel=\"noopener\">Der Engel von Rom<\/a> <em>Hugendubel Lesegl\u00fcck &#8222;Unterhaltung&#8220;, Februar 2026<\/em><\/li>\n<li><strong>\ud83d\udcd8 Moira Macdonald<\/strong> | DE | <a href=\"https:\/\/alexs-and-books.de\/reading\/moira-macdonald-storybook-ending-bis-ans-ende-aller-seiten\/\" target=\"_blank\" rel=\"noopener\">Storybook ending &#8211; bis ans Ende aller Seiten<\/a> <em>Hugendubel Lesegl\u00fcck &#8222;Unterhaltung&#8220;, Januar 2026<\/em><\/li>\n<li><strong>\ud83d\udcd8 Lynn Painter<\/strong> | DE | <a href=\"https:\/\/alexs-and-books.de\/reading\/lynn-painter-mr-wrong-number\/\" target=\"_blank\" rel=\"noopener\">Mr Wrong Number<\/a><\/li>\n<li>\ud83d\udcd8 <strong>Julia K. Stein<\/strong> | DE | <a href=\"https:\/\/alexs-and-books.de\/reading\/julia-k-stein-all-i-want-for-christmas-und-winterzauber-in-new-york\/?customize_changeset_uuid=ceebee7a-cd56-4e98-9599-07f3e87d6c16\" target=\"_blank\" rel=\"noopener\">All I WANT for Christmas UND Winterzauber in New York<\/a><\/li>\n<li>\ud83d\udcf1<strong>Alena Schr\u00f6der<\/strong> | DE | <a href=\"https:\/\/alexs-and-books.de\/reading\/alena-schroeder-alles-muss-man-selber-falsch-machen\/\" target=\"_blank\" rel=\"noopener\">Alles muss man selber falsch machen<\/a><\/li>\n<li><strong>\ud83d\udcd8Freya Sampson<\/strong>\u00a0| DE | <a href=\"https:\/\/alexs-and-books.de\/reading\/freya-sampson-ms-darling-und-ihre-nachbarn\/\" target=\"_blank\" rel=\"noopener\">Ms Darling und ihre Nachbarn<\/a> <em>Hugendubel Lesegl\u00fcck \u201eUnterhaltung\u201c, Mai 2025<\/em><\/li>\n<li><strong>\ud83d\udcd8 Mark Sp\u00f6rrle<\/strong> | DE | <a href=\"https:\/\/alexs-and-books.de\/reading\/mark-spoerrle-der-maulwurf\/\" target=\"_blank\" rel=\"noopener\">Der Maulwurf<\/a> <em>Hugendubel Lesegl\u00fcck \u201eUnterhaltung\u201c, April 2025<\/em><\/li>\n<li><strong>\ud83d\udcd8 Samuel Burr<\/strong> | DE | <a href=\"https:\/\/alexs-and-books.de\/reading\/samuel-burr-das-groesste-raetsel-aller-zeiten\/\" target=\"_blank\" rel=\"noopener\">Das gr\u00f6\u00dfte R\u00e4tsel aller Zeiten<\/a> <em>Hugendubel Lesegl\u00fcck \u201eUnterhaltung\u201c, M\u00e4rz 2025<\/em><\/li>\n<\/ul>\n<h3><\/h3>\n<h3>Trilogie \/ Trilogy<\/h3>\n<ul>\n<li><strong>\u2714\ufe0f\ud83d\udcd8Annabelle Steh<\/strong>l | DE | Novel Haven \/ (1) <a href=\"https:\/\/alexs-and-books.de\/reading\/anabelle-stehl-novel-haven-levels-of-love\/\" target=\"_blank\" rel=\"noopener\">Levels of Love<\/a><\/li>\n<li><strong>\ud83d\udcd8Bianca Mov <\/strong>| DE | Wicked Love &#8211; (1) <a href=\"https:\/\/alexs-and-books.de\/reading\/bianca-mov-wicked-mind\/?customize_changeset_uuid=1ddf7089-565a-4a81-b5a0-54b8f4a576f8\" target=\"_blank\" rel=\"noopener\">Wicked Mind<\/a><\/li>\n<li><strong>\ud83d\udcd8Mona Kasten<\/strong> | DE | Maxton Hall &#8211;\u00a0 (1) Save Me \/ (2) <a href=\"https:\/\/alexs-and-books.de\/reading\/mona-kasten-maxton-hall-save-you-2\/\" target=\"_blank\" rel=\"noopener\">Save You<\/a> \/ (3) <a href=\"https:\/\/alexs-and-books.de\/reading\/mona-kasten-maxton-hall-save-us\/\" target=\"_blank\" rel=\"noopener\">Save Us<\/a><\/li>\n<\/ul>\n<p>&nbsp;<\/p>\n<h3>Mehr als 3 B\u00e4nde<\/h3>\n<p><strong>Diana Gabaldon<\/strong> | DE | Outlander |\ud83c\udfa7<a href=\"https:\/\/alexs-and-books.de\/reading\/diana-gabaldon-feuer-und-stein-outlander-1\">Feuer und Stein (1)<\/a> \/<\/p>\n<p>&nbsp;<\/p>\n<h3>Sammlungen \/ einzelne Geschichten<\/h3>\n<ul>\n<li><strong><img decoding=\"async\" class=\"emoji\" role=\"img\" draggable=\"false\" src=\"https:\/\/s.w.org\/images\/core\/emoji\/15.1.0\/svg\/1f3a7.svg\" alt=\"\ud83c\udfa7\" \/> Ali Hazelwood, Tessa Bailey, Olivia Dade, Alexandria Bellefleur, Alexis Daria<\/strong> | DE | <a href=\"https:\/\/alexs-and-books.de\/reading\/ali-hazelwood-tessa-bailey-olivia-dade-alexandria-bellefleur-alexis-daria-under-the-mistletoe\/?customize_changese\" target=\"_blank\" rel=\"noopener\">Under the Mistletoe<\/a><\/li>\n<li>\ud83d\udcd8 <strong>Ver. Autorinnen<\/strong> | DE | <a href=\"https:\/\/alexs-and-books.de\/reading\/ver-autorinnen-december-dreams-ein-adventskalender\/?customize_changeset_uuid=ceebee7a-cd56-4e98-9599-07f3e87d6c16\" target=\"_blank\" rel=\"noopener\">December Dreams. Ein Adventskalender<\/a><\/li>\n<\/ul>\n<p>&nbsp;<\/p>\n<h3>Abgebrochene B\u00fccher<\/h3>\n<ul>\n<li>\ud83d\udcd8 <strong>Kate Fagan<\/strong> | DE | Die Drei Leben der Cate Kay <em>Hugendubel Lesegl\u00fcck &#8222;Unterhaltung&#8220;, April 2026 (<a href=\"https:\/\/alexs-and-books.de\/reading\/abgebrochen-2026\/\" target=\"_blank\" rel=\"noopener\">2026<\/a>)<\/em><\/li>\n<li>\ud83d\udcd8 <strong>Holly Brickley<\/strong> | DE | Deep Cuts <em>Hugendubel Lesegl\u00fcck &#8222;Unterhaltung&#8220;, M\u00e4rz 2026 (<a href=\"https:\/\/alexs-and-books.de\/reading\/abgebrochen-2026\/\" target=\"_blank\" rel=\"noopener\">2026<\/a>)<\/em><\/li>\n<li><strong>\ud83d\udcd8 Lyra\u00a0 Parisch<\/strong> | EN | Fall i Want\u00a0<span style=\"font-size: 16px;\">(<\/span><a style=\"font-size: 16px;\" href=\"https:\/\/alexs-and-books.de\/reading\/abgebrochene-buecher-2025\/\" target=\"_blank\" rel=\"noopener\">2025<\/a><span style=\"font-size: 16px;\">)<\/span><\/li>\n<li><strong><img decoding=\"async\" class=\"emoji\" role=\"img\" draggable=\"false\" src=\"https:\/\/s.w.org\/images\/core\/emoji\/16.0.1\/svg\/1f4d8.svg\" alt=\"\ud83d\udcd8\" \/> Eva Mirasol<\/strong> | DE | Staying Alive &#8211; kein Arztroman (Hugendubel Lesegl\u00fcck &#8222;Unterhaltung)(<a href=\"https:\/\/alexs-and-books.de\/reading\/abgebrochene-buecher-2025\/\" target=\"_blank\" rel=\"noopener\">2025<\/a>)<\/li>\n<li><strong>Ali Hazelwood<\/strong> | DE | Problematic Summer Romance\u00a0(<a href=\"https:\/\/alexs-and-books.de\/reading\/abgebrochene-buecher-2025\/\" target=\"_blank\" rel=\"noopener\">2025<\/a>)<\/li>\n<li><strong>Nele Blohm\u00a0<\/strong>| DE | Dein Fl\u00fcstern im Meereswind <span style=\"font-size: 16px;\">(<\/span><a style=\"font-size: 16px;\" href=\"https:\/\/alexs-and-books.de\/reading\/abgebrochene-buecher-2025\/\" target=\"_blank\" rel=\"noopener\">2025<\/a><span style=\"font-size: 16px;\">)<\/span><\/li>\n<li><strong>Lisa Kirsch<\/strong> | DE | Querbeet ins Gl\u00fcck (<a href=\"https:\/\/alexs-and-books.de\/reading\/abgebrochene-buecher-2025\/\" target=\"_blank\" rel=\"noopener\">2025<\/a>)<\/li>\n<li><strong>E. L. James<\/strong> | DE |\u00a0 Fifty Shades Of Grey \u2013 befreite Lust (<a href=\"https:\/\/alexs-and-books.de\/reading\/abgebrochene-buecher-2025\/\" target=\"_blank\" rel=\"noopener\">2025<\/a>)<\/li>\n<li><strong>Maria Turtschaninoff<\/strong> | DE | Moorh\u00f6he (<a href=\"https:\/\/alexs-and-books.de\/reading\/abgebrochene-buecher-2024\/\" target=\"_blank\" rel=\"noopener\">2024<\/a>)<\/li>\n<li><strong>Mila Summers<\/strong> | DE | Winterzauber in London (<a href=\"https:\/\/alexs-and-books.de\/reading\/abgebrochene-buecher-2024\/\" target=\"_blank\" rel=\"noopener\">2024<\/a>)<\/li>\n<li><strong>Jenny Mustard<\/strong> | DE | OKAYE TAGE (<a href=\"https:\/\/alexs-and-books.de\/reading\/abgebrochene-buecher-2024\/\" target=\"_blank\" rel=\"noopener\">2024<\/a>)<\/li>\n<li><strong>Lin Hierse<\/strong> | DE | Wovon wir tr\u00e4umen (<a href=\"https:\/\/alexs-and-books.de\/reading\/abgebrochene-buecher-2024\/\" target=\"_blank\" rel=\"noopener\">2024<\/a>)<\/li>\n<\/ul>\n","protected":false},"excerpt":{"rendered":"<p>Belletristik umfasst die gesamte sch\u00f6ngeistige und unterhaltende Literatur: Romane, Krimis, Gedichtb\u00e4nde, Essays und Biografien. In&#8230;<\/p>\n","protected":false},"author":1,"featured_media":0,"parent":19,"menu_order":0,"comment_status":"closed","ping_status":"closed","template":"","meta":{"footnotes":""},"class_list":["post-25","page","type-page","status-publish","hentry"],"_links":{"self":[{"href":"https:\/\/alexs-and-books.de\/reading\/wp-json\/wp\/v2\/pages\/25","targetHints":{"allow":["GET"]}}],"collection":[{"href":"https:\/\/alexs-and-books.de\/reading\/wp-json\/wp\/v2\/pages"}],"about":[{"href":"https:\/\/alexs-and-books.de\/reading\/wp-json\/wp\/v2\/types\/page"}],"author":[{"embeddable":true,"href":"https:\/\/alexs-and-books.de\/reading\/wp-json\/wp\/v2\/users\/1"}],"replies":[{"embeddable":true,"href":"https:\/\/alexs-and-books.de\/reading\/wp-json\/wp\/v2\/comments?post=25"}],"version-history":[{"count":34,"href":"https:\/\/alexs-and-books.de\/reading\/wp-json\/wp\/v2\/pages\/25\/revisions"}],"predecessor-version":[{"id":1270,"href":"https:\/\/alexs-and-books.de\/reading\/wp-json\/wp\/v2\/pages\/25\/revisions\/1270"}],"up":[{"embeddable":true,"href":"https:\/\/alexs-and-books.de\/reading\/wp-json\/wp\/v2\/pages\/19"}],"wp:attachment":[{"href":"https:\/\/alexs-and-books.de\/reading\/wp-json\/wp\/v2\/media?parent=25"}],"curies":[{"name":"wp","href":"https:\/\/api.w.org\/{rel}","templated":true}]}}