{"id":197,"date":"2025-04-18T08:33:06","date_gmt":"2025-04-18T06:33:06","guid":{"rendered":"https:\/\/alexs-and-books.de\/reading\/?page_id=197"},"modified":"2025-11-08T06:31:04","modified_gmt":"2025-11-08T05:31:04","slug":"anfragen","status":"publish","type":"page","link":"https:\/\/alexs-and-books.de\/reading\/anfragen\/","title":{"rendered":"Anfragen"},"content":{"rendered":"<p>&#8222;B\u00fccher&#8220; steht nachfolgend f\u00fcr Romane, Manga, Comics<\/p>\n<p><strong>Generell rezensiere ich keine B\u00fccher im klassischen Sinne. Ich lese B\u00fccher und teile anschlie\u00dfend meine Gedanken dazu. Dabei bewerte ich nach meinen eigenen Kriterien und gehe auf die Dinge ein, die mir besonders aufgefallen sind. Als Rezension w\u00fcrde ich das nicht wirklich bezeichnen, da meine Bewertungen ihren ganz eigenen Stil haben und eventuell Dinge au\u00dfer Acht lassen, die in einer typischen Rezension erw\u00e4hnt werden sollten.<\/strong><\/p>\n<p>&nbsp;<\/p>\n<h3>Du m\u00f6chtest, dass ich dein Buch lese?<\/h3>\n<p>Sehr gerne! Nachfolgend eine kleine Auflistung, was Du von mir erwarten kannst \u2013 oder eben nicht.<\/p>\n<h4><strong>Rezensionen<\/strong><\/h4>\n<ul>\n<li>Blogbeitrag (alexs-and-books.de\/reading)<\/li>\n<li>Beitrag auf Instagram und bei zugesandten Boxen ebenso ein Reel + Story (@alexs_and_reading)<\/li>\n<li>Bewertung auf Hugendubel und\/oder Thalia &#8211; <em>bei Amazon bewerte ich generell nicht<\/em><\/li>\n<li>Sofern von der Plattform her m\u00f6glich, wird das zur Verf\u00fcgung gestellte Exemplar mindestens durch ein (oder mehrere) Fotos pr\u00e4sentiert.<\/li>\n<li>Keine KI! Meine Beitr\u00e4ge (Bildlich und schriftlich) werden von mir pers\u00f6nlich erstellt. Ich nutze daf\u00fcr keine KI.<\/li>\n<\/ul>\n<h4><strong>Zeit<\/strong><\/h4>\n<ul>\n<li>Mir ist es wichtig, meine Beitr\u00e4ge in der gewohnten Qualit\u00e4t zu verfassen, daher ben\u00f6tige ich eine gewisse Zeit f\u00fcr die Beitr\u00e4ge:\n<ul>\n<li>Kurzfristige Beitr\u00e4ge sind in der Regel nicht m\u00f6glich, daher sollte die Zusendung mindestens 3, am besten 4 Wochen vorher stattfinden.<\/li>\n<\/ul>\n<\/li>\n<\/ul>\n<h4><strong>Meinung<\/strong><\/h4>\n<ul>\n<li>Generell nehme ich nur Anfragen an, bei denen es mir gestattet ist, meine pers\u00f6nliche Meinung mitzuteilen.<\/li>\n<\/ul>\n<h4>Folgendes lese ich nicht:<\/h4>\n<ul>\n<li>B\u00fccher, in denen gegendert wird.<\/li>\n<li>Horror.<\/li>\n<li>Kinderb\u00fccher.<\/li>\n<li>Ebenso lehne ich B\u00fccher ab, welche mit KI generierten Artworks promoviert werden oder sogar KI Text enthalten<\/li>\n<\/ul>\n<p>&nbsp;<\/p>\n<h4>Zusendungen ohne Absprache<\/h4>\n<ul>\n<li>Bei Zusendungen ohne vorherige Absprache, ist ein (zeitnahe) Beitrag nicht garantiert. Ebenso ist nicht garantiert, ob ich \u00fcberhaupt einen Beitrag machen werde (z.B. wenn das Buch mir nicht zusagt).<\/li>\n<\/ul>\n<p>&nbsp;<\/p>\n<p>Anfragen k\u00f6nnen \u00fcber das <a href=\"https:\/\/alexs-and-books.de\/reading\/kontakt\/\" target=\"_blank\" rel=\"noopener\">Kontaktofmrular<\/a> gestellt werden oder per Mail an kontakt@alex-and-books.de<\/p>\n","protected":false},"excerpt":{"rendered":"<p>&#8222;B\u00fccher&#8220; steht nachfolgend f\u00fcr Romane, Manga, Comics Generell rezensiere ich keine B\u00fccher im klassischen Sinne&#8230;.<\/p>\n","protected":false},"author":1,"featured_media":0,"parent":0,"menu_order":0,"comment_status":"closed","ping_status":"closed","template":"","meta":{"footnotes":""},"class_list":["post-197","page","type-page","status-publish","hentry"],"_links":{"self":[{"href":"https:\/\/alexs-and-books.de\/reading\/wp-json\/wp\/v2\/pages\/197","targetHints":{"allow":["GET"]}}],"collection":[{"href":"https:\/\/alexs-and-books.de\/reading\/wp-json\/wp\/v2\/pages"}],"about":[{"href":"https:\/\/alexs-and-books.de\/reading\/wp-json\/wp\/v2\/types\/page"}],"author":[{"embeddable":true,"href":"https:\/\/alexs-and-books.de\/reading\/wp-json\/wp\/v2\/users\/1"}],"replies":[{"embeddable":true,"href":"https:\/\/alexs-and-books.de\/reading\/wp-json\/wp\/v2\/comments?post=197"}],"version-history":[{"count":3,"href":"https:\/\/alexs-and-books.de\/reading\/wp-json\/wp\/v2\/pages\/197\/revisions"}],"predecessor-version":[{"id":870,"href":"https:\/\/alexs-and-books.de\/reading\/wp-json\/wp\/v2\/pages\/197\/revisions\/870"}],"wp:attachment":[{"href":"https:\/\/alexs-and-books.de\/reading\/wp-json\/wp\/v2\/media?parent=197"}],"curies":[{"name":"wp","href":"https:\/\/api.w.org\/{rel}","templated":true}]}}