{"id":192,"date":"2025-04-18T08:29:21","date_gmt":"2025-04-18T06:29:21","guid":{"rendered":"https:\/\/alexs-and-books.de\/reading\/?page_id=192"},"modified":"2025-11-17T15:28:34","modified_gmt":"2025-11-17T14:28:34","slug":"ueber-mich","status":"publish","type":"page","link":"https:\/\/alexs-and-books.de\/reading\/ueber-mich\/","title":{"rendered":"\u00dcber mich"},"content":{"rendered":"<p>&nbsp;<\/p>\n<p>&nbsp;<\/p>\n<blockquote><p>Lesemotto: Lesen &amp; genie\u00dfen<\/p><\/blockquote>\n<p>Hallo! Mein Name ist Alexandra, ich bin Anfang 30 und komme aus NRW. Hier lebe ich zusammen mit meinem Mann und unseren vier Fellnasen, bestehend aus drei Katzen und unserer H\u00fcndin Jos\u00e9phine. \ud83d\ude0a<\/p>\n<p>Ich bin eine Gelegenheitsleserin. Lesen ist f\u00fcr mich ein sch\u00f6ner Ausgleich zu meiner Arbeit im Bereich Tiergesundheit und in der Kundenbetreuung. Gleichzeitig dient es mir als wertvolle Inspirationsquelle und Ankerpunkt f\u00fcr mein eigenes Schreiben.<\/p>\n<p>Ich lese, was mir gef\u00e4llt, daher ist mein B\u00fccherregal bunt gemischt: \u00dcber Romane bis hin zu Manga und Novels findest du bei mir so einiges. Haupts\u00e4chlich wirst du hier allerdings Romane und Manga entdecken. Mein Genreschwerpunkt liegt auf Fantasy und Krimi\/Thriller \u2013 Ausnahmen best\u00e4tigen die Regel.<\/p>\n<p>Noch ein kleiner Hinweis: ich lese sowohl englische als auch deutsche B\u00fccher (allerdings vorwiegend deutsche)<\/p>\n","protected":false},"excerpt":{"rendered":"<p>&nbsp; &nbsp; Lesemotto: Lesen &amp; genie\u00dfen Hallo! Mein Name ist Alexandra, ich bin Anfang 30&#8230;<\/p>\n","protected":false},"author":1,"featured_media":0,"parent":0,"menu_order":0,"comment_status":"closed","ping_status":"closed","template":"","meta":{"footnotes":""},"class_list":["post-192","page","type-page","status-publish","hentry"],"_links":{"self":[{"href":"https:\/\/alexs-and-books.de\/reading\/wp-json\/wp\/v2\/pages\/192","targetHints":{"allow":["GET"]}}],"collection":[{"href":"https:\/\/alexs-and-books.de\/reading\/wp-json\/wp\/v2\/pages"}],"about":[{"href":"https:\/\/alexs-and-books.de\/reading\/wp-json\/wp\/v2\/types\/page"}],"author":[{"embeddable":true,"href":"https:\/\/alexs-and-books.de\/reading\/wp-json\/wp\/v2\/users\/1"}],"replies":[{"embeddable":true,"href":"https:\/\/alexs-and-books.de\/reading\/wp-json\/wp\/v2\/comments?post=192"}],"version-history":[{"count":5,"href":"https:\/\/alexs-and-books.de\/reading\/wp-json\/wp\/v2\/pages\/192\/revisions"}],"predecessor-version":[{"id":915,"href":"https:\/\/alexs-and-books.de\/reading\/wp-json\/wp\/v2\/pages\/192\/revisions\/915"}],"wp:attachment":[{"href":"https:\/\/alexs-and-books.de\/reading\/wp-json\/wp\/v2\/media?parent=192"}],"curies":[{"name":"wp","href":"https:\/\/api.w.org\/{rel}","templated":true}]}}